{"id":6,"date":"2021-06-15T08:13:35","date_gmt":"2021-06-15T08:13:35","guid":{"rendered":"https:\/\/partyservice-esslinger.de\/?page_id=6"},"modified":"2025-09-04T12:18:20","modified_gmt":"2025-09-04T12:18:20","slug":"startseite-partyservice","status":"publish","type":"page","link":"https:\/\/partyservice-esslinger.de\/?page_id=6","title":{"rendered":"Startseite Partyservice"},"content":{"rendered":"<p><div class=\"fusion-fullwidth fullwidth-box fusion-builder-row-1 fusion-flex-container nonhundred-percent-fullwidth non-hundred-percent-height-scrolling\" style=\"--awb-border-radius-top-left:0px;--awb-border-radius-top-right:0px;--awb-border-radius-bottom-right:0px;--awb-border-radius-bottom-left:0px;--awb-padding-top:40px;--awb-background-color:#d3131d;--awb-flex-wrap:wrap;\" ><div class=\"fusion-builder-row fusion-row fusion-flex-align-items-flex-start fusion-flex-content-wrap\" style=\"max-width:1248px;margin-left: calc(-4% \/ 2 );margin-right: calc(-4% \/ 2 );\"><div class=\"fusion-layout-column fusion_builder_column fusion-builder-column-0 fusion_builder_column_1_1 1_1 fusion-flex-column\" style=\"--awb-bg-size:cover;--awb-width-large:100%;--awb-margin-top-large:0px;--awb-spacing-right-large:1.92%;--awb-margin-bottom-large:20px;--awb-spacing-left-large:1.92%;--awb-width-medium:100%;--awb-order-medium:0;--awb-spacing-right-medium:1.92%;--awb-spacing-left-medium:1.92%;--awb-width-small:100%;--awb-order-small:0;--awb-spacing-right-small:1.92%;--awb-spacing-left-small:1.92%;\"><div class=\"fusion-column-wrapper fusion-column-has-shadow fusion-flex-justify-content-flex-start fusion-content-layout-column\"><div class=\"fusion-image-element \" style=\"text-align:center;--awb-max-width:30px;--awb-caption-title-font-family:var(--h2_typography-font-family);--awb-caption-title-font-weight:var(--h2_typography-font-weight);--awb-caption-title-font-style:var(--h2_typography-font-style);--awb-caption-title-size:var(--h2_typography-font-size);--awb-caption-title-transform:var(--h2_typography-text-transform);--awb-caption-title-line-height:var(--h2_typography-line-height);--awb-caption-title-letter-spacing:var(--h2_typography-letter-spacing);\"><span class=\" fusion-imageframe imageframe-none imageframe-1 hover-type-none\"><img decoding=\"async\" width=\"43\" height=\"60\" title=\"messergabel\" src=\"https:\/\/partyservice-esslinger.de\/wp-content\/uploads\/2021\/06\/messergabel.png\" alt class=\"img-responsive wp-image-50\"\/><\/span><\/div><div class=\"fusion-title title fusion-title-1 fusion-sep-none fusion-title-text fusion-title-size-one\" style=\"--awb-text-color:#ffffff;--awb-margin-top-small:10px;--awb-margin-right-small:0px;--awb-margin-bottom-small:10px;--awb-margin-left-small:0px;\"><h1 class=\"fusion-title-heading title-heading-left fusion-responsive-typography-calculated\" style=\"margin:0;--fontSize:18;--minFontSize:18;line-height:1.16;\"><p style=\"text-align: center;\">DAS PERFEKTE FEST IST<br \/>\nUNSERE LEIDENSCHAFT.<\/p><\/h1><\/div><\/div><\/div><\/div><\/div><div class=\"fusion-fullwidth fullwidth-box fusion-builder-row-2 fusion-flex-container nonhundred-percent-fullwidth non-hundred-percent-height-scrolling\" style=\"--awb-border-radius-top-left:0px;--awb-border-radius-top-right:0px;--awb-border-radius-bottom-right:0px;--awb-border-radius-bottom-left:0px;--awb-margin-top:0px;--awb-margin-bottom:0px;--awb-flex-wrap:wrap;\" ><div class=\"fusion-builder-row fusion-row fusion-flex-align-items-stretch fusion-flex-content-wrap\" style=\"max-width:1248px;margin-left: calc(-4% \/ 2 );margin-right: calc(-4% \/ 2 );\"><div class=\"fusion-layout-column fusion_builder_column fusion-builder-column-1 fusion_builder_column_1_2 1_2 fusion-flex-column\" style=\"--awb-padding-bottom-small:20px;--awb-bg-size:cover;--awb-width-large:50%;--awb-margin-top-large:0px;--awb-spacing-right-large:3.84%;--awb-margin-bottom-large:0px;--awb-spacing-left-large:3.84%;--awb-width-medium:50%;--awb-order-medium:0;--awb-spacing-right-medium:3.84%;--awb-spacing-left-medium:3.84%;--awb-width-small:100%;--awb-order-small:0;--awb-spacing-right-small:1.92%;--awb-spacing-left-small:1.92%;\"><div class=\"fusion-column-wrapper fusion-column-has-shadow fusion-flex-justify-content-center fusion-content-layout-column\"><div class=\"fusion-title title fusion-title-2 fusion-sep-none fusion-title-text fusion-title-size-two\" style=\"--awb-text-color:#d3131d;--awb-margin-top-small:10px;--awb-margin-right-small:0px;--awb-margin-bottom-small:10px;--awb-margin-left-small:0px;\"><h2 class=\"fusion-title-heading title-heading-left fusion-responsive-typography-calculated\" style=\"margin:0;--fontSize:18;--minFontSize:18;line-height:1.2;\">PARTYSERVICE<\/h2><\/div><div class=\"fusion-text fusion-text-1\" style=\"--awb-text-transform:none;\"><p>Partyservice E\u00dflinger tr\u00e4gt zuverl\u00e4ssig im kulinarischen Bereich zum Gelingen Ihrer Veranstaltung in Aufhausen und Umgebung bei.<\/p>\n<p>Ob Firmenfeier, Hochzeit, Geburtstag oder Familienfest \u2013 Ihre W\u00fcnsche als Kunde stehen bei uns immer im Vordergrund. Gemeinsam planen wir mit Ihnen die Speisen passend zum Anlass und machen Ihr Event kulinarisch zum Erfolg.<\/p>\n<\/div><div ><a class=\"fusion-button button-flat fusion-button-default-size button-default fusion-button-default button-1 fusion-button-default-span fusion-button-default-type red\" style=\"--button_text_transform:uppercase;\" target=\"_self\" href=\"https:\/\/partyservice-esslinger.de\/?page_id=10\"><span class=\"fusion-button-text awb-button__text awb-button__text--default\">\u00dcBER UNS<\/span><\/a><\/div><\/div><\/div><div class=\"fusion-layout-column fusion_builder_column fusion-builder-column-2 fusion_builder_column_1_2 1_2 fusion-flex-column\" style=\"--awb-bg-size:cover;--awb-width-large:50%;--awb-margin-top-large:0px;--awb-spacing-right-large:3.84%;--awb-margin-bottom-large:0px;--awb-spacing-left-large:3.84%;--awb-width-medium:50%;--awb-order-medium:0;--awb-spacing-right-medium:3.84%;--awb-spacing-left-medium:3.84%;--awb-width-small:100%;--awb-order-small:0;--awb-spacing-right-small:1.92%;--awb-spacing-left-small:1.92%;\"><div class=\"fusion-column-wrapper fusion-column-has-shadow fusion-flex-justify-content-flex-start fusion-content-layout-column\"><div class=\"fusion-image-element \" style=\"--awb-caption-title-font-family:var(--h2_typography-font-family);--awb-caption-title-font-weight:var(--h2_typography-font-weight);--awb-caption-title-font-style:var(--h2_typography-font-style);--awb-caption-title-size:var(--h2_typography-font-size);--awb-caption-title-transform:var(--h2_typography-text-transform);--awb-caption-title-line-height:var(--h2_typography-line-height);--awb-caption-title-letter-spacing:var(--h2_typography-letter-spacing);\"><span class=\" fusion-imageframe imageframe-none imageframe-2 hover-type-none\"><img decoding=\"async\" width=\"1709\" height=\"1368\" title=\"essen\" src=\"https:\/\/partyservice-esslinger.de\/wp-content\/uploads\/2021\/11\/essen.jpg\" alt class=\"img-responsive wp-image-215\" srcset=\"https:\/\/partyservice-esslinger.de\/wp-content\/uploads\/2021\/11\/essen-200x160.jpg 200w, https:\/\/partyservice-esslinger.de\/wp-content\/uploads\/2021\/11\/essen-400x320.jpg 400w, https:\/\/partyservice-esslinger.de\/wp-content\/uploads\/2021\/11\/essen-600x480.jpg 600w, https:\/\/partyservice-esslinger.de\/wp-content\/uploads\/2021\/11\/essen-800x640.jpg 800w, https:\/\/partyservice-esslinger.de\/wp-content\/uploads\/2021\/11\/essen-1200x961.jpg 1200w, https:\/\/partyservice-esslinger.de\/wp-content\/uploads\/2021\/11\/essen.jpg 1709w\" sizes=\"(max-width: 640px) 100vw, 600px\" \/><\/span><\/div><\/div><\/div><\/div><\/div><div class=\"fusion-fullwidth fullwidth-box fusion-builder-row-3 fusion-flex-container nonhundred-percent-fullwidth non-hundred-percent-height-scrolling\" style=\"--awb-border-radius-top-left:0px;--awb-border-radius-top-right:0px;--awb-border-radius-bottom-right:0px;--awb-border-radius-bottom-left:0px;--awb-margin-top:0px;--awb-margin-bottom:0px;--awb-background-color:#d0d0d0;--awb-flex-wrap:wrap;\" ><div class=\"fusion-builder-row fusion-row fusion-flex-align-items-flex-start fusion-flex-content-wrap\" style=\"max-width:1248px;margin-left: calc(-4% \/ 2 );margin-right: calc(-4% \/ 2 );\"><div class=\"fusion-layout-column fusion_builder_column fusion-builder-column-3 fusion_builder_column_1_1 1_1 fusion-flex-column\" style=\"--awb-bg-size:cover;--awb-width-large:100%;--awb-margin-top-large:0px;--awb-spacing-right-large:1.92%;--awb-margin-bottom-large:20px;--awb-spacing-left-large:1.92%;--awb-width-medium:100%;--awb-order-medium:0;--awb-spacing-right-medium:1.92%;--awb-spacing-left-medium:1.92%;--awb-width-small:100%;--awb-order-small:0;--awb-spacing-right-small:1.92%;--awb-spacing-left-small:1.92%;\"><div class=\"fusion-column-wrapper fusion-column-has-shadow fusion-flex-justify-content-flex-start fusion-content-layout-column\"><div class=\"fusion-title title fusion-title-3 fusion-sep-none fusion-title-text fusion-title-size-two\" style=\"--awb-text-color:#ffffff;--awb-margin-top-small:10px;--awb-margin-right-small:0px;--awb-margin-bottom-small:10px;--awb-margin-left-small:0px;\"><h2 class=\"fusion-title-heading title-heading-left fusion-responsive-typography-calculated\" style=\"margin:0;--fontSize:18;--minFontSize:18;line-height:1.2;\"><p style=\"text-align: center;\">LECKERES AUS DEM SUPPENTOPF<br \/>\nKNACKFRISCHE SALATE AUS DER REGION<br \/>\nDEFTIGES AUS DEM OFEN<\/p><\/h2><\/div><div style=\"text-align:center;\"><a class=\"fusion-button button-flat fusion-button-default-size button-default fusion-button-default button-2 fusion-button-default-span fusion-button-default-type white\" target=\"_self\" href=\"https:\/\/partyservice-esslinger.de\/?page_id=8\"><span class=\"fusion-button-text awb-button__text awb-button__text--default\">UNSERE MEN\u00dcKARTE<\/span><\/a><\/div><\/div><\/div><\/div><\/div><div class=\"fusion-fullwidth fullwidth-box fusion-builder-row-4 fusion-flex-container nonhundred-percent-fullwidth non-hundred-percent-height-scrolling\" style=\"--awb-border-radius-top-left:0px;--awb-border-radius-top-right:0px;--awb-border-radius-bottom-right:0px;--awb-border-radius-bottom-left:0px;--awb-flex-wrap:wrap;\" ><div class=\"fusion-builder-row fusion-row fusion-flex-align-items-flex-start fusion-flex-content-wrap\" style=\"max-width:1248px;margin-left: calc(-4% \/ 2 );margin-right: calc(-4% \/ 2 );\"><div class=\"fusion-layout-column fusion_builder_column fusion-builder-column-4 fusion_builder_column_1_1 1_1 fusion-flex-column\" style=\"--awb-bg-size:cover;--awb-width-large:100%;--awb-margin-top-large:0px;--awb-spacing-right-large:1.92%;--awb-margin-bottom-large:20px;--awb-spacing-left-large:1.92%;--awb-width-medium:100%;--awb-order-medium:0;--awb-spacing-right-medium:1.92%;--awb-spacing-left-medium:1.92%;--awb-width-small:100%;--awb-order-small:0;--awb-spacing-right-small:1.92%;--awb-spacing-left-small:1.92%;\"><div class=\"fusion-column-wrapper fusion-column-has-shadow fusion-flex-justify-content-flex-start fusion-content-layout-column\"><div class=\"fusion-title title fusion-title-4 fusion-sep-none fusion-title-text fusion-title-size-two\" style=\"--awb-text-color:#d3131d;--awb-margin-top-small:10px;--awb-margin-right-small:0px;--awb-margin-bottom-small:10px;--awb-margin-left-small:0px;\"><h2 class=\"fusion-title-heading title-heading-left fusion-responsive-typography-calculated\" style=\"margin:0;--fontSize:18;--minFontSize:18;line-height:1.2;\"><p style=\"text-align: center;\">UNSERE KUNDEN \u00dcBER UNS<\/p><\/h2><\/div><div class=\"fusion-testimonials classic awb-speech-bubble-show fusion-testimonials-1\" style=\"--awb-textcolor:#4a4e57;--awb-backgroundcolor:#f9f9fb;--awb-testimonial-border-style:solid;--awb-testimonial-border-color:var(--awb-color3);--awb-navigation-size:12px;--awb-border-top-left-radius:0px;--awb-border-top-right-radius:0px;--awb-border-bottom-left-radius:0px;--awb-border-bottom-right-radius:0px;--testimonial-border-width-top:0px;--testimonial-border-width-right:0px;--testimonial-border-width-bottom:0px;--testimonial-border-width-left:0px;\" data-random=\"0\" data-speed=\"5000\"><div class=\"reviews\"><div class=\"review active-testimonial alignment-left female\"><blockquote><div class=\"awb-quote\"><div class=\"awb-quote-content\">\n<p>Hallo Familie E\u00dflinger mit Team,<\/p>\n<p>vielen Dank f\u00fcr das sehr leckere und reichhaltige Mittagsbuffet zu meinem Geburtstag. Wie immer waren wir und alle G\u00e4ste von der Qualit\u00e4t und Darbietung der Speisen begeistert. Gerne h\u00e4tte ich eine Bewertung direkt in Eurer HP hinterlassen, das ist mir jedoch leider nicht gelungen.<\/p>\n<p>Jedenfalls ein gro\u00dfes Lob an Euch und Euer Team (Bj\u00f6rn hat uns an diesem Nachmittag \u00e4u\u00dferst freundlich und versiert versorgt). Danke daf\u00fcr!<\/p>\n<\/div><\/div><span class=\"awb-triangle\"><\/span><\/blockquote><div class=\"author\"><span class=\"testimonial-thumbnail doe\"><\/span><span class=\"company-name\"><strong>Anne Braitinger<\/strong><\/span><\/div><\/div><div class=\"review alignment-left male\"><blockquote><div class=\"awb-quote\"><div class=\"awb-quote-content\">\n<p>Guten Morgen Frau E\u00dflinger,<br \/>\nvielen Dank f\u00fcr das Catering am Samstag. Es war wieder alles super. Positive R\u00fcckmeldungen von meinen G\u00e4sten, im besonderen f\u00fcr Roland, der die Steaks perfekt und einheitlich gegrillt hat. Es war ausreichend und sehr lecker.<\/p>\n<\/div><\/div><span class=\"awb-triangle\"><\/span><\/blockquote><div class=\"author\"><span class=\"testimonial-thumbnail doe\"><\/span><span class=\"company-name\"><strong>Willi<\/strong><\/span><\/div><\/div><div class=\"review alignment-left male\"><blockquote><div class=\"awb-quote\"><div class=\"awb-quote-content\">\n<p>Liebe Familie E\u00dflinger, liebes Team,<\/p>\n<p>am vergangenen Samstag (11.05.2024) war ich Gast der Hochzeit von Maritta und Matze. Ich m\u00f6chte meinen Dank und Anerkennung f\u00fcr Eurer Leistung aussprechen. Ich ward immer pr\u00e4sent aber nicht aufdringlich oder im Vordergrund. Es war immer alles da und ihr hattet immer alles im Blick. Das Essen hat mir sehr geschmeckt. Ihr habt das Fest mit zu einem unvergesslichen Abend gemacht.<\/p>\n<p>Ich habe auch eine kleine Frage. Wie ihr ja schon gesehen habt, haben wir den gleichen Nachnamen. Als wir kamen fiel mir gleich euer schwarzes Polo auf. Ich fand es so klasse und w\u00fcrde gerne fragen, ob die M\u00f6glichkeit besteht eines k\u00e4uflich zu erwerben? Ich w\u00fcrde es dann bei meinen Grillpartys zu Hause tragen.<\/p>\n<p>Wie hei\u00dft es heutzutage immer: you did a great job!<br \/>\nIch m\u00f6chte es altmodisch formulieren: Vielen Dank, dass ihr die Hochzeit von Maritta und Matze zu einem unvergesslichen Fest gemacht habt!<\/p>\n<\/div><\/div><span class=\"awb-triangle\"><\/span><\/blockquote><div class=\"author\"><span class=\"testimonial-thumbnail doe\"><\/span><span class=\"company-name\"><strong>Marcus E\u00dflinger<\/strong><\/span><\/div><\/div><div class=\"review female\"><blockquote><div class=\"awb-quote\"><div class=\"awb-quote-content\">\n<p>Wir hatten am Samstag endlich die Gelegenheit unsere Geburtstage zu feiern. Wir haben in unserem Garten eine Grillparty mit 35 G\u00e4sten gefeiert und haben eine tolle &#8222;Rundrum&#8220; Betreuung genossen. Das Essen war super lecker, die Bedienungen total nett und aufmerksam. Getr\u00e4nke, Beleuchtung: Alles perfekt. Gerne wieder!<\/p>\n<\/div><\/div><span class=\"awb-triangle\"><\/span><\/blockquote><div class=\"author\"><span class=\"testimonial-thumbnail doe\"><\/span><span class=\"company-name\"><strong>Martina Greising<\/strong><\/span><\/div><\/div><div class=\"review male\"><blockquote><div class=\"awb-quote\"><div class=\"awb-quote-content\">\n<p>Nachdem Ihr uns bereits an der Hochzeit meines Bruders verw\u00f6hnt habt, habe ich mich auch f\u00fcr meinen 30er f\u00fcr euch entschieden und bin wie erwartet nicht entt\u00e4uscht worden. Alle 50 G\u00e4ste waren begeistert von dem ausgezeichneten Zwiebelrostbraten, bei dem es in solch einer Menge bestimmt nicht selbstverst\u00e4ndlich ist, dass jedes St\u00fcck absolut zart und auf den Punkt zubereitet ist. Mit eurem Essen habt Ihr einen gro\u00dfen Beitrag zu einem sehr tollen Abend geleistet.<\/p>\n<\/div><\/div><span class=\"awb-triangle\"><\/span><\/blockquote><div class=\"author\"><span class=\"testimonial-thumbnail doe\"><\/span><span class=\"company-name\"><strong>J. Schweikhardt<\/strong><\/span><\/div><\/div><div class=\"review female\"><blockquote><div class=\"awb-quote\"><div class=\"awb-quote-content\">\n<p>Wir, das Abiball- Komitee des Helfensteingymnasiums in Geislingen, wollen uns nochmal f\u00fcr den hervorragenden Service bedanken. Das Essen war sehr lecker und ich habe nur Gutes von unseren G\u00e4sten geh\u00f6rt. Also gro\u00dfes Lob von uns! Eine Menschenmenge von 450 Leuten muss man erst mal so problemlos stemmen! Vielen Herzlichen Dank!<\/p>\n<\/div><\/div><span class=\"awb-triangle\"><\/span><\/blockquote><div class=\"author\"><span class=\"testimonial-thumbnail doe\"><\/span><span class=\"company-name\"><strong>Selina Wei\u00dfbach<\/strong><\/span><\/div><\/div><\/div><div class=\"testimonial-pagination\" id=\"fusion-testimonials-1\"><a href=\"#\" aria-label=\"Testimonial Pagination\"  class=\"activeSlide\"><\/a><a href=\"#\" aria-label=\"Testimonial Pagination\" ><\/a><a href=\"#\" aria-label=\"Testimonial Pagination\" ><\/a><a href=\"#\" aria-label=\"Testimonial Pagination\" ><\/a><a href=\"#\" aria-label=\"Testimonial Pagination\" ><\/a><a href=\"#\" aria-label=\"Testimonial Pagination\" ><\/a><\/div><\/div><\/div><\/div><\/div><\/div><\/p>\n","protected":false},"excerpt":{"rendered":"","protected":false},"author":1,"featured_media":0,"parent":0,"menu_order":0,"comment_status":"closed","ping_status":"closed","template":"","meta":{"footnotes":""},"class_list":["post-6","page","type-page","status-publish","hentry"],"_links":{"self":[{"href":"https:\/\/partyservice-esslinger.de\/index.php?rest_route=\/wp\/v2\/pages\/6","targetHints":{"allow":["GET"]}}],"collection":[{"href":"https:\/\/partyservice-esslinger.de\/index.php?rest_route=\/wp\/v2\/pages"}],"about":[{"href":"https:\/\/partyservice-esslinger.de\/index.php?rest_route=\/wp\/v2\/types\/page"}],"author":[{"embeddable":true,"href":"https:\/\/partyservice-esslinger.de\/index.php?rest_route=\/wp\/v2\/users\/1"}],"replies":[{"embeddable":true,"href":"https:\/\/partyservice-esslinger.de\/index.php?rest_route=%2Fwp%2Fv2%2Fcomments&post=6"}],"version-history":[{"count":39,"href":"https:\/\/partyservice-esslinger.de\/index.php?rest_route=\/wp\/v2\/pages\/6\/revisions"}],"predecessor-version":[{"id":913,"href":"https:\/\/partyservice-esslinger.de\/index.php?rest_route=\/wp\/v2\/pages\/6\/revisions\/913"}],"wp:attachment":[{"href":"https:\/\/partyservice-esslinger.de\/index.php?rest_route=%2Fwp%2Fv2%2Fmedia&parent=6"}],"curies":[{"name":"wp","href":"https:\/\/api.w.org\/{rel}","templated":true}]}}