{"id":22,"date":"2021-06-15T08:15:39","date_gmt":"2021-06-15T08:15:39","guid":{"rendered":"https:\/\/partyservice-esslinger.de\/?page_id=22"},"modified":"2022-03-16T11:18:04","modified_gmt":"2022-03-16T11:18:04","slug":"wir-und-die-region","status":"publish","type":"page","link":"https:\/\/partyservice-esslinger.de\/?page_id=22","title":{"rendered":"Wir und die Region"},"content":{"rendered":"<p><div class=\"fusion-fullwidth fullwidth-box fusion-builder-row-1 fusion-flex-container fusion-parallax-none nonhundred-percent-fullwidth non-hundred-percent-height-scrolling\" style=\"--awb-border-radius-top-left:0px;--awb-border-radius-top-right:0px;--awb-border-radius-bottom-right:0px;--awb-border-radius-bottom-left:0px;--awb-background-image:url(&quot;https:\/\/partyservice-esslinger.de\/wp-content\/uploads\/2021\/11\/holz.jpg&quot;);--awb-background-size:cover;--awb-flex-wrap:wrap;\" ><div class=\"fusion-builder-row fusion-row fusion-flex-align-items-flex-start fusion-flex-content-wrap\" style=\"max-width:1248px;margin-left: calc(-4% \/ 2 );margin-right: calc(-4% \/ 2 );\"><div class=\"fusion-layout-column fusion_builder_column fusion-builder-column-0 fusion_builder_column_1_6 1_6 fusion-flex-column\" style=\"--awb-bg-size:cover;--awb-width-large:16.666666666667%;--awb-margin-top-large:0px;--awb-spacing-right-large:11.52%;--awb-margin-bottom-large:20px;--awb-spacing-left-large:11.52%;--awb-width-medium:16.666666666667%;--awb-order-medium:0;--awb-spacing-right-medium:11.52%;--awb-spacing-left-medium:11.52%;--awb-width-small:100%;--awb-order-small:0;--awb-spacing-right-small:1.92%;--awb-spacing-left-small:1.92%;\"><div class=\"fusion-column-wrapper fusion-column-has-shadow fusion-flex-justify-content-flex-start fusion-content-layout-column\"><\/div><\/div><div class=\"fusion-layout-column fusion_builder_column fusion-builder-column-1 fusion_builder_column_2_3 2_3 fusion-flex-column transbox\" style=\"--awb-bg-size:cover;--awb-width-large:66.666666666667%;--awb-margin-top-large:0px;--awb-spacing-right-large:2.88%;--awb-margin-bottom-large:20px;--awb-spacing-left-large:2.88%;--awb-width-medium:66.666666666667%;--awb-order-medium:0;--awb-spacing-right-medium:2.88%;--awb-spacing-left-medium:2.88%;--awb-width-small:100%;--awb-order-small:0;--awb-spacing-right-small:1.92%;--awb-spacing-left-small:1.92%;\"><div class=\"fusion-column-wrapper fusion-column-has-shadow fusion-flex-justify-content-flex-start fusion-content-layout-column\"><div class=\"fusion-text fusion-text-1\" style=\"--awb-text-transform:none;\"><h2 style=\"text-align: center;\">BEI UNS IST NICHT NUR<br \/>\nDAS ESSEN EIN HINGUCKER&#8230;<\/h2>\n<p style=\"text-align: center;\"><strong>&#8230;unsere umliegende Landschaft ist daf\u00fcr das sch\u00f6nste Beispiel.<\/strong><br \/>\nOb gem\u00fctliche Familientour, genussvolles Wandervergn\u00fcgen oder die sportliche Herausforderung \u2013 unser Biergarten liegt direkt am Rad- und Wanderweg auf der schw\u00e4bischen Alb. W\u00e4lder, Wiesen und Felder, sanfte Berge und liebliche T\u00e4ler machen die Alb gerade hier zum besonderen Erlebnis. Und was gibt es Sch\u00f6neres w\u00e4hrend oder nach einem Ausflug? Einkehren, ein z\u00fcnftiges Vesper oder eine warme Mahlzeit und ein k\u00fchles Bier genie\u00dfen&#8230;einfach verweilen. Hier sind Sie bei uns genau richtig!<\/p>\n<\/div><\/div><\/div><div class=\"fusion-layout-column fusion_builder_column fusion-builder-column-2 fusion_builder_column_1_6 1_6 fusion-flex-column\" style=\"--awb-bg-size:cover;--awb-width-large:16.666666666667%;--awb-margin-top-large:0px;--awb-spacing-right-large:11.52%;--awb-margin-bottom-large:20px;--awb-spacing-left-large:11.52%;--awb-width-medium:16.666666666667%;--awb-order-medium:0;--awb-spacing-right-medium:11.52%;--awb-spacing-left-medium:11.52%;--awb-width-small:100%;--awb-order-small:0;--awb-spacing-right-small:1.92%;--awb-spacing-left-small:1.92%;\"><div class=\"fusion-column-wrapper fusion-column-has-shadow fusion-flex-justify-content-flex-start fusion-content-layout-column\"><\/div><\/div><\/div><\/div><div class=\"fusion-fullwidth fullwidth-box fusion-builder-row-2 fusion-flex-container nonhundred-percent-fullwidth non-hundred-percent-height-scrolling\" style=\"--awb-border-radius-top-left:0px;--awb-border-radius-top-right:0px;--awb-border-radius-bottom-right:0px;--awb-border-radius-bottom-left:0px;--awb-margin-top:40px;--awb-flex-wrap:wrap;\" ><div class=\"fusion-builder-row fusion-row fusion-flex-align-items-flex-start fusion-flex-content-wrap\" style=\"max-width:1248px;margin-left: calc(-4% \/ 2 );margin-right: calc(-4% \/ 2 );\"><div class=\"fusion-layout-column fusion_builder_column fusion-builder-column-3 fusion_builder_column_1_1 1_1 fusion-flex-column\" style=\"--awb-bg-size:cover;--awb-width-large:100%;--awb-margin-top-large:0px;--awb-spacing-right-large:1.92%;--awb-margin-bottom-large:20px;--awb-spacing-left-large:1.92%;--awb-width-medium:100%;--awb-order-medium:0;--awb-spacing-right-medium:1.92%;--awb-spacing-left-medium:1.92%;--awb-width-small:100%;--awb-order-small:0;--awb-spacing-right-small:1.92%;--awb-spacing-left-small:1.92%;\"><div class=\"fusion-column-wrapper fusion-column-has-shadow fusion-flex-justify-content-flex-start fusion-content-layout-column\"><div class=\"fusion-image-element \" style=\"--awb-margin-bottom:30px;--awb-caption-title-font-family:var(--h2_typography-font-family);--awb-caption-title-font-weight:var(--h2_typography-font-weight);--awb-caption-title-font-style:var(--h2_typography-font-style);--awb-caption-title-size:var(--h2_typography-font-size);--awb-caption-title-transform:var(--h2_typography-text-transform);--awb-caption-title-line-height:var(--h2_typography-line-height);--awb-caption-title-letter-spacing:var(--h2_typography-letter-spacing);\"><span class=\" fusion-imageframe imageframe-none imageframe-1 hover-type-none\"><img decoding=\"async\" width=\"1450\" height=\"36\" title=\"bierlinie\" src=\"https:\/\/partyservice-esslinger.de\/wp-content\/uploads\/2021\/11\/bierlinie.jpg\" alt class=\"img-responsive wp-image-278\" srcset=\"https:\/\/partyservice-esslinger.de\/wp-content\/uploads\/2021\/11\/bierlinie-200x5.jpg 200w, https:\/\/partyservice-esslinger.de\/wp-content\/uploads\/2021\/11\/bierlinie-400x10.jpg 400w, https:\/\/partyservice-esslinger.de\/wp-content\/uploads\/2021\/11\/bierlinie-600x15.jpg 600w, https:\/\/partyservice-esslinger.de\/wp-content\/uploads\/2021\/11\/bierlinie-800x20.jpg 800w, https:\/\/partyservice-esslinger.de\/wp-content\/uploads\/2021\/11\/bierlinie-1200x30.jpg 1200w, https:\/\/partyservice-esslinger.de\/wp-content\/uploads\/2021\/11\/bierlinie.jpg 1450w\" sizes=\"(max-width: 640px) 100vw, 1200px\" \/><\/span><\/div><div class=\"fusion-image-element \" style=\"--awb-caption-title-font-family:var(--h2_typography-font-family);--awb-caption-title-font-weight:var(--h2_typography-font-weight);--awb-caption-title-font-style:var(--h2_typography-font-style);--awb-caption-title-size:var(--h2_typography-font-size);--awb-caption-title-transform:var(--h2_typography-text-transform);--awb-caption-title-line-height:var(--h2_typography-line-height);--awb-caption-title-letter-spacing:var(--h2_typography-letter-spacing);\"><span class=\" fusion-imageframe imageframe-none imageframe-2 hover-type-none\"><img decoding=\"async\" width=\"2560\" height=\"1197\" title=\"region1\" src=\"https:\/\/partyservice-esslinger.de\/wp-content\/uploads\/2021\/11\/region1-scaled.jpg\" alt class=\"img-responsive wp-image-287\" srcset=\"https:\/\/partyservice-esslinger.de\/wp-content\/uploads\/2021\/11\/region1-200x94.jpg 200w, https:\/\/partyservice-esslinger.de\/wp-content\/uploads\/2021\/11\/region1-400x187.jpg 400w, https:\/\/partyservice-esslinger.de\/wp-content\/uploads\/2021\/11\/region1-600x281.jpg 600w, https:\/\/partyservice-esslinger.de\/wp-content\/uploads\/2021\/11\/region1-800x374.jpg 800w, https:\/\/partyservice-esslinger.de\/wp-content\/uploads\/2021\/11\/region1-1200x561.jpg 1200w, https:\/\/partyservice-esslinger.de\/wp-content\/uploads\/2021\/11\/region1-scaled.jpg 2560w\" sizes=\"(max-width: 640px) 100vw, 1200px\" \/><\/span><\/div><\/div><\/div><div class=\"fusion-layout-column fusion_builder_column fusion-builder-column-4 fusion_builder_column_1_2 1_2 fusion-flex-column fusion-flex-align-self-stretch\" style=\"--awb-padding-bottom:30px;--awb-bg-color:#ddd3c8;--awb-bg-color-hover:#ddd3c8;--awb-bg-size:cover;--awb-width-large:50%;--awb-margin-top-large:0px;--awb-spacing-right-large:3.84%;--awb-margin-bottom-large:20px;--awb-spacing-left-large:3.84%;--awb-width-medium:50%;--awb-order-medium:0;--awb-spacing-right-medium:3.84%;--awb-spacing-left-medium:3.84%;--awb-width-small:100%;--awb-order-small:0;--awb-spacing-right-small:1.92%;--awb-spacing-left-small:1.92%;\"><div class=\"fusion-column-wrapper fusion-column-has-shadow fusion-flex-justify-content-flex-start fusion-content-layout-column\"><div class=\"fusion-image-element \" style=\"--awb-caption-title-font-family:var(--h2_typography-font-family);--awb-caption-title-font-weight:var(--h2_typography-font-weight);--awb-caption-title-font-style:var(--h2_typography-font-style);--awb-caption-title-size:var(--h2_typography-font-size);--awb-caption-title-transform:var(--h2_typography-text-transform);--awb-caption-title-line-height:var(--h2_typography-line-height);--awb-caption-title-letter-spacing:var(--h2_typography-letter-spacing);\"><span class=\" fusion-imageframe imageframe-none imageframe-3 hover-type-none\"><img decoding=\"async\" width=\"1488\" height=\"1171\" title=\"region2\" src=\"https:\/\/partyservice-esslinger.de\/wp-content\/uploads\/2021\/11\/region2.jpg\" alt class=\"img-responsive wp-image-288\" srcset=\"https:\/\/partyservice-esslinger.de\/wp-content\/uploads\/2021\/11\/region2-200x157.jpg 200w, https:\/\/partyservice-esslinger.de\/wp-content\/uploads\/2021\/11\/region2-400x315.jpg 400w, https:\/\/partyservice-esslinger.de\/wp-content\/uploads\/2021\/11\/region2-600x472.jpg 600w, https:\/\/partyservice-esslinger.de\/wp-content\/uploads\/2021\/11\/region2-800x630.jpg 800w, https:\/\/partyservice-esslinger.de\/wp-content\/uploads\/2021\/11\/region2-1200x944.jpg 1200w, https:\/\/partyservice-esslinger.de\/wp-content\/uploads\/2021\/11\/region2.jpg 1488w\" sizes=\"(max-width: 640px) 100vw, 600px\" \/><\/span><\/div><div class=\"fusion-title title fusion-title-1 fusion-sep-none fusion-title-text fusion-title-size-two\" style=\"--awb-text-color:#ffffff;--awb-margin-top-small:10px;--awb-margin-right-small:0px;--awb-margin-bottom-small:10px;--awb-margin-left-small:0px;\"><h2 class=\"fusion-title-heading title-heading-left fusion-responsive-typography-calculated\" style=\"margin:0;--fontSize:18;--minFontSize:18;line-height:1.2;\"><p style=\"text-align: center;\">WANDERN<\/p><\/h2><\/div><div class=\"fusion-text fusion-text-2\" style=\"--awb-text-transform:none;\"><p style=\"text-align: center;\"><strong>Auf die Spuren des L\u00f6wen begeben.<\/strong><br \/>\nDie L\u00f6wenpfade locken mit eindrucksvollen Ausblicken, abwechslungsreichen Naturlandschaften und geheimnisvollen Orten. 15 Rundwanderwege, zwischen 3 und 17 km lang, bieten Wanderspa\u00df f\u00fcr fast jeden Geschmack.<\/p>\n<\/div><div style=\"text-align:center;\"><a class=\"fusion-button button-flat fusion-button-default-size button-default fusion-button-default button-1 fusion-button-default-span fusion-button-default-type brown\" target=\"_blank\" rel=\"noopener noreferrer\" href=\"https:\/\/www.loewenpfade.de\/\"><span class=\"fusion-button-text awb-button__text awb-button__text--default\">ZU DEN L\u00d6WENPFADEN<\/span><\/a><\/div><\/div><\/div><div class=\"fusion-layout-column fusion_builder_column fusion-builder-column-5 fusion_builder_column_1_2 1_2 fusion-flex-column fusion-flex-align-self-stretch\" style=\"--awb-bg-color:#ddd3c8;--awb-bg-color-hover:#ddd3c8;--awb-bg-size:cover;--awb-width-large:50%;--awb-margin-top-large:0px;--awb-spacing-right-large:3.84%;--awb-margin-bottom-large:20px;--awb-spacing-left-large:3.84%;--awb-width-medium:50%;--awb-order-medium:0;--awb-spacing-right-medium:3.84%;--awb-spacing-left-medium:3.84%;--awb-width-small:100%;--awb-order-small:0;--awb-spacing-right-small:1.92%;--awb-spacing-left-small:1.92%;\"><div class=\"fusion-column-wrapper fusion-column-has-shadow fusion-flex-justify-content-flex-start fusion-content-layout-column\"><div class=\"fusion-image-element \" style=\"--awb-caption-title-font-family:var(--h2_typography-font-family);--awb-caption-title-font-weight:var(--h2_typography-font-weight);--awb-caption-title-font-style:var(--h2_typography-font-style);--awb-caption-title-size:var(--h2_typography-font-size);--awb-caption-title-transform:var(--h2_typography-text-transform);--awb-caption-title-line-height:var(--h2_typography-line-height);--awb-caption-title-letter-spacing:var(--h2_typography-letter-spacing);\"><span class=\" fusion-imageframe imageframe-none imageframe-4 hover-type-none\"><img decoding=\"async\" width=\"1494\" height=\"1171\" title=\"region3\" src=\"https:\/\/partyservice-esslinger.de\/wp-content\/uploads\/2021\/11\/region3.jpg\" alt class=\"img-responsive wp-image-289\" srcset=\"https:\/\/partyservice-esslinger.de\/wp-content\/uploads\/2021\/11\/region3-200x157.jpg 200w, https:\/\/partyservice-esslinger.de\/wp-content\/uploads\/2021\/11\/region3-400x314.jpg 400w, https:\/\/partyservice-esslinger.de\/wp-content\/uploads\/2021\/11\/region3-600x470.jpg 600w, https:\/\/partyservice-esslinger.de\/wp-content\/uploads\/2021\/11\/region3-800x627.jpg 800w, https:\/\/partyservice-esslinger.de\/wp-content\/uploads\/2021\/11\/region3-1200x941.jpg 1200w, https:\/\/partyservice-esslinger.de\/wp-content\/uploads\/2021\/11\/region3.jpg 1494w\" sizes=\"(max-width: 640px) 100vw, 600px\" \/><\/span><\/div><div class=\"fusion-title title fusion-title-2 fusion-sep-none fusion-title-text fusion-title-size-two\" style=\"--awb-text-color:#ffffff;--awb-margin-top-small:10px;--awb-margin-right-small:0px;--awb-margin-bottom-small:10px;--awb-margin-left-small:0px;\"><h2 class=\"fusion-title-heading title-heading-left fusion-responsive-typography-calculated\" style=\"margin:0;--fontSize:18;--minFontSize:18;line-height:1.2;\"><p style=\"text-align: center;\">RADFAHREN<\/p><\/h2><\/div><div class=\"fusion-text fusion-text-3\" style=\"--awb-text-transform:none;\"><p style=\"text-align: center;\"><strong>Radfahrer Willkommen.<\/strong><br \/>\n\u00dcber 400 Kilometer Radwegenetz laden Radfahrer jeden Alters zur Erkundung der Natur und Landschaft ein. Vollst\u00e4ndig ausgeschildert und f\u00fcr alle Zielgruppen. Laden Sie den Akku bei uns wieder auf \u2013 wir haben Strom und durstl\u00f6schende Getr\u00e4nke f\u00fcr Sie.<\/p>\n<\/div><\/div><\/div><\/div><\/div><\/p>\n","protected":false},"excerpt":{"rendered":"","protected":false},"author":1,"featured_media":0,"parent":16,"menu_order":0,"comment_status":"closed","ping_status":"closed","template":"","meta":{"footnotes":""},"class_list":["post-22","page","type-page","status-publish","hentry"],"_links":{"self":[{"href":"https:\/\/partyservice-esslinger.de\/index.php?rest_route=\/wp\/v2\/pages\/22","targetHints":{"allow":["GET"]}}],"collection":[{"href":"https:\/\/partyservice-esslinger.de\/index.php?rest_route=\/wp\/v2\/pages"}],"about":[{"href":"https:\/\/partyservice-esslinger.de\/index.php?rest_route=\/wp\/v2\/types\/page"}],"author":[{"embeddable":true,"href":"https:\/\/partyservice-esslinger.de\/index.php?rest_route=\/wp\/v2\/users\/1"}],"replies":[{"embeddable":true,"href":"https:\/\/partyservice-esslinger.de\/index.php?rest_route=%2Fwp%2Fv2%2Fcomments&post=22"}],"version-history":[{"count":16,"href":"https:\/\/partyservice-esslinger.de\/index.php?rest_route=\/wp\/v2\/pages\/22\/revisions"}],"predecessor-version":[{"id":661,"href":"https:\/\/partyservice-esslinger.de\/index.php?rest_route=\/wp\/v2\/pages\/22\/revisions\/661"}],"up":[{"embeddable":true,"href":"https:\/\/partyservice-esslinger.de\/index.php?rest_route=\/wp\/v2\/pages\/16"}],"wp:attachment":[{"href":"https:\/\/partyservice-esslinger.de\/index.php?rest_route=%2Fwp%2Fv2%2Fmedia&parent=22"}],"curies":[{"name":"wp","href":"https:\/\/api.w.org\/{rel}","templated":true}]}}