{"id":20,"date":"2021-06-15T08:15:24","date_gmt":"2021-06-15T08:15:24","guid":{"rendered":"https:\/\/partyservice-esslinger.de\/?page_id=20"},"modified":"2025-07-09T09:02:22","modified_gmt":"2025-07-09T09:02:22","slug":"essen-und-trinken","status":"publish","type":"page","link":"https:\/\/partyservice-esslinger.de\/?page_id=20","title":{"rendered":"Essen und Trinken"},"content":{"rendered":"<p><div class=\"fusion-fullwidth fullwidth-box fusion-builder-row-1 fusion-flex-container fusion-parallax-none nonhundred-percent-fullwidth non-hundred-percent-height-scrolling bg1200\" style=\"--awb-background-repeat:repeat-y;--awb-border-radius-top-left:0px;--awb-border-radius-top-right:0px;--awb-border-radius-bottom-right:0px;--awb-border-radius-bottom-left:0px;--awb-background-image:url(&quot;https:\/\/partyservice-esslinger.de\/wp-content\/uploads\/2021\/11\/holz.jpg&quot;);--awb-flex-wrap:wrap;\" ><div class=\"fusion-builder-row fusion-row fusion-flex-align-items-flex-start fusion-flex-content-wrap\" style=\"max-width:1248px;margin-left: calc(-4% \/ 2 );margin-right: calc(-4% \/ 2 );\"><div class=\"fusion-layout-column fusion_builder_column fusion-builder-column-0 fusion_builder_column_1_6 1_6 fusion-flex-column\" style=\"--awb-bg-size:cover;--awb-width-large:16.666666666667%;--awb-margin-top-large:0px;--awb-spacing-right-large:11.52%;--awb-margin-bottom-large:20px;--awb-spacing-left-large:11.52%;--awb-width-medium:16.666666666667%;--awb-order-medium:0;--awb-spacing-right-medium:11.52%;--awb-spacing-left-medium:11.52%;--awb-width-small:100%;--awb-order-small:0;--awb-spacing-right-small:1.92%;--awb-spacing-left-small:1.92%;\"><div class=\"fusion-column-wrapper fusion-column-has-shadow fusion-flex-justify-content-flex-start fusion-content-layout-column\"><\/div><\/div><div class=\"fusion-layout-column fusion_builder_column fusion-builder-column-1 fusion_builder_column_2_3 2_3 fusion-flex-column transbox\" style=\"--awb-bg-size:cover;--awb-width-large:66.666666666667%;--awb-margin-top-large:0px;--awb-spacing-right-large:2.88%;--awb-margin-bottom-large:20px;--awb-spacing-left-large:2.88%;--awb-width-medium:66.666666666667%;--awb-order-medium:0;--awb-spacing-right-medium:2.88%;--awb-spacing-left-medium:2.88%;--awb-width-small:100%;--awb-order-small:0;--awb-spacing-right-small:1.92%;--awb-spacing-left-small:1.92%;\"><div class=\"fusion-column-wrapper fusion-column-has-shadow fusion-flex-justify-content-flex-start fusion-content-layout-column\"><div class=\"fusion-text fusion-text-1\" style=\"--awb-text-transform:none;\"><h2 style=\"text-align: center;\">ESSEN UND TRINKEN<\/h2>\n<p style=\"text-align: center;\"><strong>Essen ist ein Bed\u00fcrfnis, geniessen ist eine Kunst. (Fran\u00e7ois de La Rochefoucauld)<\/strong><br \/>\nRegional \u2013 schw\u00e4bisch \u2013 vielseitig. Ob warm oder kalt&#8230;Salate, Maultaschen, Zwiebelrostbraten.<br \/>\nBei uns ist f\u00fcr jeden etwas dabei \u2013 frisch zubereitet nach Ihren W\u00fcnschen.<br \/>\nFreuen Sie sich auf Ihre Auszeit in unserem Biergarten.<\/p>\n<\/div><\/div><\/div><div class=\"fusion-layout-column fusion_builder_column fusion-builder-column-2 fusion_builder_column_1_6 1_6 fusion-flex-column\" style=\"--awb-bg-size:cover;--awb-width-large:16.666666666667%;--awb-margin-top-large:0px;--awb-spacing-right-large:11.52%;--awb-margin-bottom-large:20px;--awb-spacing-left-large:11.52%;--awb-width-medium:16.666666666667%;--awb-order-medium:0;--awb-spacing-right-medium:11.52%;--awb-spacing-left-medium:11.52%;--awb-width-small:100%;--awb-order-small:0;--awb-spacing-right-small:1.92%;--awb-spacing-left-small:1.92%;\"><div class=\"fusion-column-wrapper fusion-column-has-shadow fusion-flex-justify-content-flex-start fusion-content-layout-column\"><\/div><\/div><\/div><\/div><div class=\"fusion-fullwidth fullwidth-box fusion-builder-row-2 fusion-flex-container nonhundred-percent-fullwidth non-hundred-percent-height-scrolling\" style=\"--awb-border-radius-top-left:0px;--awb-border-radius-top-right:0px;--awb-border-radius-bottom-right:0px;--awb-border-radius-bottom-left:0px;--awb-flex-wrap:wrap;\" ><div class=\"fusion-builder-row fusion-row fusion-flex-align-items-flex-start fusion-flex-content-wrap\" style=\"max-width:1248px;margin-left: calc(-4% \/ 2 );margin-right: calc(-4% \/ 2 );\"><div class=\"fusion-layout-column fusion_builder_column fusion-builder-column-3 fusion_builder_column_1_6 1_6 fusion-flex-column\" style=\"--awb-bg-size:cover;--awb-width-large:16.666666666667%;--awb-margin-top-large:0px;--awb-spacing-right-large:11.52%;--awb-margin-bottom-large:20px;--awb-spacing-left-large:11.52%;--awb-width-medium:16.666666666667%;--awb-order-medium:0;--awb-spacing-right-medium:11.52%;--awb-spacing-left-medium:11.52%;--awb-width-small:100%;--awb-order-small:0;--awb-spacing-right-small:1.92%;--awb-spacing-left-small:1.92%;\"><div class=\"fusion-column-wrapper fusion-column-has-shadow fusion-flex-justify-content-flex-start fusion-content-layout-column\"><\/div><\/div><div class=\"fusion-layout-column fusion_builder_column fusion-builder-column-4 fusion_builder_column_2_3 2_3 fusion-flex-column\" style=\"--awb-bg-size:cover;--awb-width-large:66.666666666667%;--awb-margin-top-large:0px;--awb-spacing-right-large:2.88%;--awb-margin-bottom-large:20px;--awb-spacing-left-large:2.88%;--awb-width-medium:66.666666666667%;--awb-order-medium:0;--awb-spacing-right-medium:2.88%;--awb-spacing-left-medium:2.88%;--awb-width-small:100%;--awb-order-small:0;--awb-spacing-right-small:1.92%;--awb-spacing-left-small:1.92%;\"><div class=\"fusion-column-wrapper fusion-column-has-shadow fusion-flex-justify-content-flex-start fusion-content-layout-column\"><div class=\"fusion-image-element \" style=\"--awb-caption-title-font-family:var(--h2_typography-font-family);--awb-caption-title-font-weight:var(--h2_typography-font-weight);--awb-caption-title-font-style:var(--h2_typography-font-style);--awb-caption-title-size:var(--h2_typography-font-size);--awb-caption-title-transform:var(--h2_typography-text-transform);--awb-caption-title-line-height:var(--h2_typography-line-height);--awb-caption-title-letter-spacing:var(--h2_typography-letter-spacing);\"><span class=\" fusion-imageframe imageframe-none imageframe-1 hover-type-none\"><img decoding=\"async\" width=\"1450\" height=\"36\" title=\"bierlinie\" src=\"https:\/\/partyservice-esslinger.de\/wp-content\/uploads\/2021\/11\/bierlinie.jpg\" alt class=\"img-responsive wp-image-278\" srcset=\"https:\/\/partyservice-esslinger.de\/wp-content\/uploads\/2021\/11\/bierlinie-200x5.jpg 200w, https:\/\/partyservice-esslinger.de\/wp-content\/uploads\/2021\/11\/bierlinie-400x10.jpg 400w, https:\/\/partyservice-esslinger.de\/wp-content\/uploads\/2021\/11\/bierlinie-600x15.jpg 600w, https:\/\/partyservice-esslinger.de\/wp-content\/uploads\/2021\/11\/bierlinie-800x20.jpg 800w, https:\/\/partyservice-esslinger.de\/wp-content\/uploads\/2021\/11\/bierlinie-1200x30.jpg 1200w, https:\/\/partyservice-esslinger.de\/wp-content\/uploads\/2021\/11\/bierlinie.jpg 1450w\" sizes=\"(max-width: 640px) 100vw, 800px\" \/><\/span><\/div><div class=\"fusion-title title fusion-title-1 fusion-sep-none fusion-title-text fusion-title-size-one\" style=\"--awb-text-color:#6c563f;--awb-margin-top-small:10px;--awb-margin-right-small:0px;--awb-margin-bottom-small:10px;--awb-margin-left-small:0px;\"><h1 class=\"fusion-title-heading title-heading-left fusion-responsive-typography-calculated\" style=\"margin:0;--fontSize:18;--minFontSize:18;line-height:1.16;\"><p style=\"text-align: center;\">SPEISEN<\/p><\/h1><\/div>\n<table class=\"1speisekarte\" width=\"100%\" cellspacing=\"20\">\n<tbody>\n<tr>\n<td align=\"left\">Kleiner Gemischter Salat<\/td>\n<td style=\"text-align: right;\" align=\"left\">6,00 \u20ac<\/td>\n<\/tr>\n<tr>\n<td align=\"left\">Gro\u00dfer Salat mit gebratenem Lachs an Sahnemeerrettich und Landbrot<\/td>\n<td style=\"text-align: right;\" align=\"left\">18,00 \u20ac<\/td>\n<\/tr>\n<tr>\n<td align=\"left\">&#8222;Laible Backsteink\u00e4se&#8220; mit Essig und \u00d6l, dazu Landbrot<\/td>\n<td style=\"text-align: right;\" align=\"left\">10,50 \u20ac<\/td>\n<\/tr>\n<tr>\n<td align=\"left\">Wurstsalat mit Landbrot<\/td>\n<td style=\"text-align: right;\" align=\"left\">12,50 \u20ac<\/td>\n<\/tr>\n<tr>\n<td align=\"left\">Schweizer Wurstsalat mit Landbrot<\/td>\n<td style=\"text-align: right;\" align=\"left\">13,50 \u20ac<\/td>\n<\/tr>\n<tr>\n<td align=\"left\">1 Paar Oberl\u00e4nder Bratwurst mit Kartoffelsalat und Landbrot<\/td>\n<td style=\"text-align: right;\" align=\"left\">12,50 \u20ac<\/td>\n<\/tr>\n<tr>\n<td align=\"left\">Kleine-Schweinsh\u00e4xle mit Kartoffelsalat und Landbrot<\/td>\n<td style=\"text-align: right;\" align=\"left\">16,50 \u20ac<\/td>\n<\/tr>\n<tr>\n<td align=\"left\">Geschm\u00e4lzte Maultaschen mit Kartoffelsalat und Bratenso\u00dfe<\/td>\n<td style=\"text-align: right;\" align=\"left\">16,50 \u20ac<\/td>\n<\/tr>\n<tr>\n<td align=\"left\">Schw\u00e4bischer Zwiebelrostbraten mit Sp\u00e4tzle oder Pommes und Maultasche<\/td>\n<td style=\"text-align: right;\" align=\"left\">28,50 \u20ac<\/td>\n<\/tr>\n<tr>\n<td align=\"left\">Schw\u00e4bischer Zwiebelrostbraten mit gemischten Salat und Maultasche<\/td>\n<td style=\"text-align: right;\" align=\"left\">26,50 \u20ac<\/td>\n<\/tr>\n<tr>\n<td align=\"left\">J\u00e4gerschnitzel &#8222;Natur&#8220; vom Schweiner\u00fccken mit Sp\u00e4tzle oder Pommes an Pilzrahmso\u00dfe<\/td>\n<td style=\"text-align: right;\" align=\"left\">17,50 \u20ac<\/td>\n<\/tr>\n<tr>\n<td align=\"left\">Sommersalat mit Feta und Kichererbsenb\u00e4llchen auf Rucola<\/td>\n<td style=\"text-align: right;\" align=\"left\">16,50 \u20ac<\/td>\n<\/tr>\n<tr>\n<td align=\"left\">Portion Pommes frites mit Ketchup\/Mayonnaise<\/td>\n<td style=\"text-align: right;\" align=\"left\">5,50 \u20ac<\/td>\n<\/tr>\n<tr>\n<td align=\"left\">Sp\u00e4tzle mit So\u00dfe<\/td>\n<td style=\"text-align: right;\" align=\"left\">5,50 \u20ac<\/td>\n<\/tr>\n<\/tbody>\n<\/table>\n<div class=\"fusion-image-element \" style=\"--awb-caption-title-font-family:var(--h2_typography-font-family);--awb-caption-title-font-weight:var(--h2_typography-font-weight);--awb-caption-title-font-style:var(--h2_typography-font-style);--awb-caption-title-size:var(--h2_typography-font-size);--awb-caption-title-transform:var(--h2_typography-text-transform);--awb-caption-title-line-height:var(--h2_typography-line-height);--awb-caption-title-letter-spacing:var(--h2_typography-letter-spacing);\"><span class=\" fusion-imageframe imageframe-none imageframe-2 hover-type-none\"><img decoding=\"async\" width=\"1450\" height=\"36\" title=\"bierlinie\" src=\"https:\/\/partyservice-esslinger.de\/wp-content\/uploads\/2021\/11\/bierlinie.jpg\" alt class=\"img-responsive wp-image-278\" srcset=\"https:\/\/partyservice-esslinger.de\/wp-content\/uploads\/2021\/11\/bierlinie-200x5.jpg 200w, https:\/\/partyservice-esslinger.de\/wp-content\/uploads\/2021\/11\/bierlinie-400x10.jpg 400w, https:\/\/partyservice-esslinger.de\/wp-content\/uploads\/2021\/11\/bierlinie-600x15.jpg 600w, https:\/\/partyservice-esslinger.de\/wp-content\/uploads\/2021\/11\/bierlinie-800x20.jpg 800w, https:\/\/partyservice-esslinger.de\/wp-content\/uploads\/2021\/11\/bierlinie-1200x30.jpg 1200w, https:\/\/partyservice-esslinger.de\/wp-content\/uploads\/2021\/11\/bierlinie.jpg 1450w\" sizes=\"(max-width: 640px) 100vw, 800px\" \/><\/span><\/div><div class=\"fusion-title title fusion-title-2 fusion-sep-none fusion-title-text fusion-title-size-one\" style=\"--awb-text-color:#6c563f;--awb-margin-top-small:10px;--awb-margin-right-small:0px;--awb-margin-bottom-small:10px;--awb-margin-left-small:0px;\"><h1 class=\"fusion-title-heading title-heading-left fusion-responsive-typography-calculated\" style=\"margin:0;--fontSize:18;--minFontSize:18;line-height:1.16;\"><p style=\"text-align: center;\">GETR\u00c4NKE<\/p><\/h1><\/div>\n<table class=\"1speisekarte\" width=\"100%\">\n<tbody>\n<tr>\n<td align=\"left\"><strong>Alkoholfreie Getr\u00e4nke<\/strong><\/td>\n<td align=\"left\"><\/td>\n<td align=\"left\"><\/td>\n<\/tr>\n<tr>\n<td align=\"left\">Teinacher \u201eGenuss Limo\u201c<br \/>\nin den Sorten Mango\/Maracuja, Johannisbeere<\/td>\n<td style=\"text-align: right;\" align=\"left\">0,33 l<\/td>\n<td align=\"right\">3,50 \u20ac<\/td>\n<\/tr>\n<tr>\n<td align=\"left\">Teinacher Wasser \u201eClassic\u201c oder \u201eMedium\u201c<\/td>\n<td style=\"text-align: right;\" align=\"left\">0,5 l<\/td>\n<td align=\"right\">3,50 \u20ac<\/td>\n<\/tr>\n<tr>\n<td align=\"left\">Afri Cola<\/td>\n<td style=\"text-align: right;\" align=\"left\">0,33 l<\/td>\n<td align=\"right\">3,50 \u20ac<\/td>\n<\/tr>\n<tr>\n<td align=\"left\">Bluna Orange<\/td>\n<td style=\"text-align: right;\" align=\"left\">0,33 l<\/td>\n<td align=\"right\">3,50 \u20ac<\/td>\n<\/tr>\n<tr>\n<td align=\"left\">Apfelsaftschorle<\/td>\n<td style=\"text-align: right;\" align=\"left\">0,5 l<\/td>\n<td align=\"right\">3,50 \u20ac<\/td>\n<\/tr>\n<tr>\n<td align=\"left\">Cola Mix<\/td>\n<td style=\"text-align: right;\" align=\"left\">0,5 l<\/td>\n<td align=\"right\">3,50 \u20ac<\/td>\n<\/tr>\n<tr>\n<td align=\"left\">S\u00fc\u00dfer Sprudel<\/td>\n<td style=\"text-align: right;\" align=\"left\">0,5 l<\/td>\n<td align=\"right\">3,50 \u20ac<\/td>\n<\/tr>\n<tr>\n<td align=\"left\"><strong>Biere<\/strong><\/td>\n<td align=\"left\"><\/td>\n<td align=\"left\"><\/td>\n<\/tr>\n<tr>\n<td align=\"left\">Original aus dem Fass 5,1%alc. <sup>5<\/sup><\/td>\n<td style=\"text-align: right;\" align=\"left\">0,5 l<\/td>\n<td align=\"right\">4,00 \u20ac<\/td>\n<\/tr>\n<tr>\n<td align=\"left\">Radler 5,1%alc.<sup>5<\/sup><\/td>\n<td style=\"text-align: right;\" align=\"left\">0,5 l<\/td>\n<td align=\"right\">4,00 \u20ac<\/td>\n<\/tr>\n<tr>\n<td align=\"left\">Ulmer Hell<\/td>\n<td style=\"text-align: right;\" align=\"left\">0,5 l<\/td>\n<td align=\"right\">4,00 \u20ac<\/td>\n<\/tr>\n<tr>\n<td align=\"left\">Hefeweizen \u201eKellerbierhefe Urtyp\u201c, aus dem Fass 5,4%alc.<sup>6<\/sup><\/td>\n<td style=\"text-align: right;\" align=\"left\">0,5 l<\/td>\n<td align=\"right\">4,00 \u20ac<\/td>\n<\/tr>\n<tr>\n<td align=\"left\">\u201eAlkoholfrei\u201c<\/td>\n<td style=\"text-align: right;\" align=\"left\">0,5 l<\/td>\n<td align=\"right\">4,00 \u20ac<\/td>\n<\/tr>\n<tr>\n<td align=\"left\">Kristallweizen<\/td>\n<td style=\"text-align: right;\" align=\"left\">0,5 l<\/td>\n<td align=\"right\">4,00 \u20ac<\/td>\n<\/tr>\n<tr>\n<td align=\"left\">Pils<\/td>\n<td style=\"text-align: right;\" align=\"left\">0,33 l<\/td>\n<td align=\"right\">4,00 \u20ac<\/td>\n<\/tr>\n<tr>\n<td align=\"left\">Kleines Bier<\/td>\n<td style=\"text-align: right;\" align=\"left\">0,3 l<\/td>\n<td align=\"right\">3,50 \u20ac<\/td>\n<\/tr>\n<tr>\n<td align=\"left\"><strong>Weine &amp; Schn\u00e4pse<\/strong><\/td>\n<td style=\"text-align: right;\" align=\"left\"><\/td>\n<td align=\"left\"><\/td>\n<\/tr>\n<tr>\n<td align=\"left\">Rotwein 12,5%alc.<\/td>\n<td style=\"text-align: right;\" align=\"left\">0,25 l<\/td>\n<td align=\"right\">5,50 \u20ac<\/td>\n<\/tr>\n<tr>\n<td align=\"left\">Wei\u00dfwein 11%alc.<\/td>\n<td style=\"text-align: right;\" align=\"left\">0,25 l<\/td>\n<td align=\"right\">5,50 \u20ac<\/td>\n<\/tr>\n<tr>\n<td align=\"left\">Wei\u00dfherbst QbA halbtrocken 11%alc.<\/td>\n<td style=\"text-align: right;\" align=\"left\">0,25 l<\/td>\n<td align=\"right\">5,50 \u20ac<\/td>\n<\/tr>\n<tr>\n<td align=\"left\">Weinschorle s\u00fc\u00df\/sauer<\/td>\n<td style=\"text-align: right;\" align=\"left\">0,25 l<\/td>\n<td align=\"right\">5,00 \u20ac<\/td>\n<\/tr>\n<tr>\n<td align=\"left\">Schn\u00e4pse<\/td>\n<td style=\"text-align: right;\" align=\"left\">2 cl<\/td>\n<td align=\"right\">3,50 \u20ac<\/td>\n<\/tr>\n<tr>\n<td align=\"left\"><\/td>\n<td style=\"text-align: right;\" align=\"left\"><\/td>\n<td align=\"right\"><\/td>\n<\/tr>\n<tr>\n<td align=\"left\">Gin Tonic 40%alc.<sup>3<\/sup><\/td>\n<td style=\"text-align: right;\" align=\"left\">0,25 l<\/td>\n<td align=\"right\">5,90 \u20ac<\/td>\n<\/tr>\n<tr>\n<td align=\"left\">Lillet \u201eWild Berry&#8220; 17%alc.<sup>1,2,4<\/sup><\/td>\n<td style=\"text-align: right;\" align=\"left\">0,25 l<\/td>\n<td align=\"right\">5,90 \u20ac<\/td>\n<\/tr>\n<tr>\n<td align=\"left\">Aperol Spritz 11,5%alc.<sup>4<\/sup><\/td>\n<td style=\"text-align: right;\" align=\"left\">0,25 l<\/td>\n<td align=\"right\">5,90 \u20ac<\/td>\n<\/tr>\n<tr>\n<td align=\"left\">Hugo 6,9%alc.<sup>1<\/sup><\/td>\n<td style=\"text-align: right;\" align=\"left\">0,25 l<\/td>\n<td align=\"right\">5,90 \u20ac<\/td>\n<\/tr>\n<tr>\n<td align=\"left\">Sekt 12%alc.<sup>1<\/sup><\/td>\n<td style=\"text-align: right;\" align=\"left\">0,1 l<\/td>\n<td align=\"right\">4,80 \u20ac<\/td>\n<\/tr>\n<tr>\n<td align=\"left\"><strong>Warmes<\/strong><\/td>\n<td style=\"text-align: right;\" align=\"left\"><\/td>\n<td align=\"left\"><\/td>\n<\/tr>\n<tr>\n<td align=\"left\">Kaffee Crema<sup>*<\/sup><\/td>\n<td><\/td>\n<td style=\"text-align: right;\">3,00 \u20ac<\/td>\n<\/tr>\n<tr>\n<td align=\"left\">Milchkaffee<sup>*<\/sup><\/td>\n<td><\/td>\n<td style=\"text-align: right;\">3,00 \u20ac<\/td>\n<\/tr>\n<tr>\n<td align=\"left\">Cappuccino<sup>*<\/sup><\/td>\n<td><\/td>\n<td style=\"text-align: right;\">3,50 \u20ac<\/td>\n<\/tr>\n<tr>\n<td align=\"left\">Latte Macchiato<sup>*<\/sup><\/td>\n<td><\/td>\n<td style=\"text-align: right;\">3,50 \u20ac<\/td>\n<\/tr>\n<tr>\n<td align=\"left\">Espresso<sup>*<\/sup><\/td>\n<td><\/td>\n<td style=\"text-align: right;\">3,00 \u20ac<\/td>\n<\/tr>\n<tr>\n<td align=\"left\">Tee \u201eFr\u00fcchte\u201c, \u201eSchwarz\u201c<sup>*<\/sup>, \u201eKr\u00e4uter\u201c<\/td>\n<td><\/td>\n<td style=\"text-align: right;\">2,50 \u20ac<\/td>\n<\/tr>\n<tr>\n<td align=\"left\"><\/td>\n<td align=\"left\"><\/td>\n<td style=\"text-align: right;\" align=\"left\"><\/td>\n<\/tr>\n<\/tbody>\n<\/table>\n<div class=\"fusion-text fusion-text-2\" style=\"--awb-font-size:13px;--awb-line-height:15px;--awb-text-transform:none;--awb-margin-top:10px;\"><p>* enth\u00e4lt Koffein, 1 enth\u00e4lt Sulfite, 3 chininhaltig, 4 Farbstoff, 5 Gerste, 6 Weizen<br \/>\nZusatzstoffe \/ Inhaltsstoffe der Speisekarte finden Sie am Verkaufsschalter. Bei Fragen zu Glutenfrei helfen wir Ihnen gerne weiter.<\/p>\n<\/div><\/div><\/div><div class=\"fusion-layout-column fusion_builder_column fusion-builder-column-5 fusion_builder_column_1_6 1_6 fusion-flex-column\" style=\"--awb-bg-size:cover;--awb-width-large:16.666666666667%;--awb-margin-top-large:0px;--awb-spacing-right-large:11.52%;--awb-margin-bottom-large:20px;--awb-spacing-left-large:11.52%;--awb-width-medium:16.666666666667%;--awb-order-medium:0;--awb-spacing-right-medium:11.52%;--awb-spacing-left-medium:11.52%;--awb-width-small:100%;--awb-order-small:0;--awb-spacing-right-small:1.92%;--awb-spacing-left-small:1.92%;\"><div class=\"fusion-column-wrapper fusion-column-has-shadow fusion-flex-justify-content-flex-start fusion-content-layout-column\"><\/div><\/div><\/div><\/div><div class=\"fusion-fullwidth fullwidth-box fusion-builder-row-3 fusion-flex-container nonhundred-percent-fullwidth non-hundred-percent-height-scrolling\" style=\"--awb-border-radius-top-left:0px;--awb-border-radius-top-right:0px;--awb-border-radius-bottom-right:0px;--awb-border-radius-bottom-left:0px;--awb-background-color:#6c563f;--awb-flex-wrap:wrap;\" ><div class=\"fusion-builder-row fusion-row fusion-flex-align-items-flex-start fusion-flex-content-wrap\" style=\"max-width:1248px;margin-left: calc(-4% \/ 2 );margin-right: calc(-4% \/ 2 );\"><div class=\"fusion-layout-column fusion_builder_column fusion-builder-column-6 fusion_builder_column_1_1 1_1 fusion-flex-column\" style=\"--awb-bg-size:cover;--awb-width-large:100%;--awb-margin-top-large:0px;--awb-spacing-right-large:1.92%;--awb-margin-bottom-large:20px;--awb-spacing-left-large:1.92%;--awb-width-medium:100%;--awb-order-medium:0;--awb-spacing-right-medium:1.92%;--awb-spacing-left-medium:1.92%;--awb-width-small:100%;--awb-order-small:0;--awb-spacing-right-small:1.92%;--awb-spacing-left-small:1.92%;\"><div class=\"fusion-column-wrapper fusion-column-has-shadow fusion-flex-justify-content-flex-start fusion-content-layout-column\"><div class=\"fusion-title title fusion-title-3 fusion-sep-none fusion-title-text fusion-title-size-two\" style=\"--awb-text-color:#ffffff;--awb-margin-top-small:10px;--awb-margin-right-small:0px;--awb-margin-bottom-small:10px;--awb-margin-left-small:0px;\"><h2 class=\"fusion-title-heading title-heading-left fusion-responsive-typography-calculated\" style=\"margin:0;--fontSize:18;--minFontSize:18;line-height:1.2;\"><p style=\"text-align: center;\">DO, FR SA: ab 16 UHR<br \/>\nSONNTAG, FEIERTAG: ab 11:30 UHR<\/p><\/h2><\/div><div class=\"fusion-text fusion-text-3\" style=\"--awb-text-transform:none;--awb-text-color:#ffffff;\"><p style=\"text-align: center;\">WARMES ESSEN BIS 20.30 UHR . KALTE SPEISEN BIS 21 UHR.<\/p>\n<\/div><\/div><\/div><\/div><\/div><div class=\"fusion-fullwidth fullwidth-box fusion-builder-row-4 fusion-flex-container nonhundred-percent-fullwidth non-hundred-percent-height-scrolling\" style=\"--awb-border-radius-top-left:0px;--awb-border-radius-top-right:0px;--awb-border-radius-bottom-right:0px;--awb-border-radius-bottom-left:0px;--awb-background-color:#6c563f;--awb-flex-wrap:wrap;\" ><div class=\"fusion-builder-row fusion-row fusion-flex-align-items-flex-start fusion-flex-content-wrap\" style=\"max-width:1248px;margin-left: calc(-4% \/ 2 );margin-right: calc(-4% \/ 2 );\"><div class=\"fusion-layout-column fusion_builder_column fusion-builder-column-7 fusion_builder_column_1_1 1_1 fusion-flex-column\" style=\"--awb-bg-size:cover;--awb-width-large:100%;--awb-margin-top-large:0px;--awb-spacing-right-large:1.92%;--awb-margin-bottom-large:20px;--awb-spacing-left-large:1.92%;--awb-width-medium:100%;--awb-order-medium:0;--awb-spacing-right-medium:1.92%;--awb-spacing-left-medium:1.92%;--awb-width-small:100%;--awb-order-small:0;--awb-spacing-right-small:1.92%;--awb-spacing-left-small:1.92%;\"><div class=\"fusion-column-wrapper fusion-column-has-shadow fusion-flex-justify-content-flex-start fusion-content-layout-column\"><div class=\"fusion-title title fusion-title-4 fusion-sep-none fusion-title-text fusion-title-size-two\" style=\"--awb-text-color:#ffffff;--awb-margin-top-small:10px;--awb-margin-right-small:0px;--awb-margin-bottom-small:10px;--awb-margin-left-small:0px;\"><h2 class=\"fusion-title-heading title-heading-left fusion-responsive-typography-calculated\" style=\"margin:0;--fontSize:18;--minFontSize:18;line-height:1.2;\"><\/h2><\/div><\/div><\/div><\/div><\/div><div class=\"fusion-fullwidth fullwidth-box fusion-builder-row-5 fusion-flex-container has-pattern-background has-mask-background nonhundred-percent-fullwidth non-hundred-percent-height-scrolling\" style=\"--awb-border-radius-top-left:0px;--awb-border-radius-top-right:0px;--awb-border-radius-bottom-right:0px;--awb-border-radius-bottom-left:0px;--awb-background-color:#6c563f;--awb-flex-wrap:wrap;\" ><div class=\"fusion-builder-row fusion-row fusion-flex-align-items-flex-start fusion-flex-content-wrap\" style=\"max-width:1248px;margin-left: calc(-4% \/ 2 );margin-right: calc(-4% \/ 2 );\"><div class=\"fusion-layout-column fusion_builder_column fusion-builder-column-8 fusion_builder_column_1_1 1_1 fusion-flex-column\" style=\"--awb-bg-size:cover;--awb-border-color:#ffffff;--awb-border-top:1px;--awb-border-right:1px;--awb-border-bottom:1px;--awb-border-left:1px;--awb-border-style:solid;--awb-width-large:100%;--awb-margin-top-large:0px;--awb-spacing-right-large:1.92%;--awb-margin-bottom-large:20px;--awb-spacing-left-large:1.92%;--awb-width-medium:100%;--awb-order-medium:0;--awb-spacing-right-medium:1.92%;--awb-spacing-left-medium:1.92%;--awb-width-small:100%;--awb-order-small:0;--awb-spacing-right-small:1.92%;--awb-spacing-left-small:1.92%;\"><div class=\"fusion-column-wrapper fusion-column-has-shadow fusion-flex-justify-content-flex-start fusion-content-layout-column\"><div class=\"fusion-title title fusion-title-5 fusion-sep-none fusion-title-text fusion-title-size-two\" style=\"--awb-text-color:#ffffff;--awb-margin-top-small:10px;--awb-margin-right-small:0px;--awb-margin-bottom-small:10px;--awb-margin-left-small:0px;\"><h2 class=\"fusion-title-heading title-heading-left fusion-responsive-typography-calculated\" style=\"margin:0;--fontSize:18;--minFontSize:18;line-height:1.2;\"><p style=\"text-align: center;\">RESERVIERUNG UNTER 0173-7478902<\/p>\n<p style=\"text-align: center;\">gerne auch per Whatsapp<br \/>\n<a style=\"color: #fff;\" href=\"tel:07334923509\">07334 \u2013923509<\/a><\/p><\/h2><\/div><div class=\"fusion-text fusion-text-4\" style=\"--awb-text-transform:none;--awb-text-color:#ffffff;\"><p style=\"text-align: center;\">Bitte verstehen Sie, dass wir keine Reservierungen per E-Mail oder \u00fcber das Kontaktformular annehmen k\u00f6nnen.<\/p>\n<\/div><\/div><\/div><\/div><\/div><\/p>\n","protected":false},"excerpt":{"rendered":"","protected":false},"author":1,"featured_media":0,"parent":16,"menu_order":0,"comment_status":"closed","ping_status":"closed","template":"100-width.php","meta":{"footnotes":""},"class_list":["post-20","page","type-page","status-publish","hentry"],"_links":{"self":[{"href":"https:\/\/partyservice-esslinger.de\/index.php?rest_route=\/wp\/v2\/pages\/20","targetHints":{"allow":["GET"]}}],"collection":[{"href":"https:\/\/partyservice-esslinger.de\/index.php?rest_route=\/wp\/v2\/pages"}],"about":[{"href":"https:\/\/partyservice-esslinger.de\/index.php?rest_route=\/wp\/v2\/types\/page"}],"author":[{"embeddable":true,"href":"https:\/\/partyservice-esslinger.de\/index.php?rest_route=\/wp\/v2\/users\/1"}],"replies":[{"embeddable":true,"href":"https:\/\/partyservice-esslinger.de\/index.php?rest_route=%2Fwp%2Fv2%2Fcomments&post=20"}],"version-history":[{"count":69,"href":"https:\/\/partyservice-esslinger.de\/index.php?rest_route=\/wp\/v2\/pages\/20\/revisions"}],"predecessor-version":[{"id":893,"href":"https:\/\/partyservice-esslinger.de\/index.php?rest_route=\/wp\/v2\/pages\/20\/revisions\/893"}],"up":[{"embeddable":true,"href":"https:\/\/partyservice-esslinger.de\/index.php?rest_route=\/wp\/v2\/pages\/16"}],"wp:attachment":[{"href":"https:\/\/partyservice-esslinger.de\/index.php?rest_route=%2Fwp%2Fv2%2Fmedia&parent=20"}],"curies":[{"name":"wp","href":"https:\/\/api.w.org\/{rel}","templated":true}]}}