{"id":10,"date":"2021-06-15T08:14:12","date_gmt":"2021-06-15T08:14:12","guid":{"rendered":"https:\/\/partyservice-esslinger.de\/?page_id=10"},"modified":"2022-03-16T11:15:44","modified_gmt":"2022-03-16T11:15:44","slug":"ueber-uns","status":"publish","type":"page","link":"https:\/\/partyservice-esslinger.de\/?page_id=10","title":{"rendered":"\u00dcber uns"},"content":{"rendered":"<p><div class=\"fusion-fullwidth fullwidth-box fusion-builder-row-1 fusion-flex-container nonhundred-percent-fullwidth non-hundred-percent-height-scrolling\" style=\"--awb-border-radius-top-left:0px;--awb-border-radius-top-right:0px;--awb-border-radius-bottom-right:0px;--awb-border-radius-bottom-left:0px;--awb-padding-top:40px;--awb-flex-wrap:wrap;\" ><div class=\"fusion-builder-row fusion-row fusion-flex-align-items-flex-start fusion-flex-content-wrap\" style=\"max-width:1248px;margin-left: calc(-4% \/ 2 );margin-right: calc(-4% \/ 2 );\"><div class=\"fusion-layout-column fusion_builder_column fusion-builder-column-0 fusion_builder_column_1_1 1_1 fusion-flex-column\" style=\"--awb-bg-size:cover;--awb-width-large:100%;--awb-margin-top-large:0px;--awb-spacing-right-large:1.92%;--awb-margin-bottom-large:20px;--awb-spacing-left-large:1.92%;--awb-width-medium:100%;--awb-order-medium:0;--awb-spacing-right-medium:1.92%;--awb-spacing-left-medium:1.92%;--awb-width-small:100%;--awb-order-small:0;--awb-spacing-right-small:1.92%;--awb-spacing-left-small:1.92%;\"><div class=\"fusion-column-wrapper fusion-column-has-shadow fusion-flex-justify-content-flex-start fusion-content-layout-column\"><div class=\"fusion-title title fusion-title-1 fusion-sep-none fusion-title-center fusion-title-text fusion-title-size-one\" style=\"--awb-text-color:#d3131d;--awb-margin-top-small:10px;--awb-margin-right-small:0px;--awb-margin-bottom-small:10px;--awb-margin-left-small:0px;\"><h1 class=\"fusion-title-heading title-heading-center fusion-responsive-typography-calculated\" style=\"margin:0;--fontSize:18;--minFontSize:18;line-height:1.16;\">\u00dcBER 30 JAHRE ERFAHRUNG<\/h1><\/div><div class=\"fusion-text fusion-text-1\" style=\"--awb-text-transform:none;\"><p style=\"text-align: center;\">Gegr\u00fcndet wurde der Partyservice E\u00dflinger im Jahr 2008 von Ralf und Katharina E\u00dflinger.<br \/>\nMit viel Leidenschaft, Kreativit\u00e4t und K\u00f6nnen \u00fcberzeugt Partyservice E\u00dflinger bei Events aller Art.<br \/>\nDer Blick f\u00fcrs Detail, genauso wie Flexibilit\u00e4t und Genauigkeit werden bei Familie E\u00dflinger gro\u00df geschrieben.<br \/>\nDer gelernte Koch Ralf E\u00dflinger schaut auf eine \u00fcber 30-j\u00e4hrige Erfahrung im Bereich der nationalen wie auch<br \/>\ninternationalen K\u00fcche zur\u00fcck. Hierbei lernte er die einfache, wie auch gehobene K\u00fcche kennen und kochen.<br \/>\nWichtig ist ihm eine hohe Qualit\u00e4t der Produkte, sowie eine perfekte optische Pr\u00e4sentation.<br \/>\nKatharina E\u00dflinger k\u00fcmmert sich um alle Belangen. Als Organisations-Talent, ist sie Ihre Ansprechpartnerin von<br \/>\nder Kontaktaufnahmen, \u00fcber Gespr\u00e4che bis hin zur Ausf\u00fchrung \u2013 sie steht Ihnen mit Rat und Tat zur Seite.<br \/>\nDas Team rund um Partyservice E\u00dflinger stellt sich flexibel je nach Gr\u00f6\u00dfe Ihrer Veranstaltung zusammen.<\/p>\n<\/div><div class=\"fusion-image-element \" style=\"text-align:center;--awb-margin-top:20px;--awb-margin-bottom:20px;--awb-max-width:30px;--awb-caption-title-font-family:var(--h2_typography-font-family);--awb-caption-title-font-weight:var(--h2_typography-font-weight);--awb-caption-title-font-style:var(--h2_typography-font-style);--awb-caption-title-size:var(--h2_typography-font-size);--awb-caption-title-transform:var(--h2_typography-text-transform);--awb-caption-title-line-height:var(--h2_typography-line-height);--awb-caption-title-letter-spacing:var(--h2_typography-letter-spacing);\"><span class=\" fusion-imageframe imageframe-none imageframe-1 hover-type-none\"><img decoding=\"async\" width=\"45\" height=\"62\" title=\"messergabel\" src=\"https:\/\/partyservice-esslinger.de\/wp-content\/uploads\/2021\/11\/messergabel.jpg\" alt class=\"img-responsive wp-image-118\"\/><\/span><\/div><div class=\"fusion-image-element \" style=\"text-align:center;--awb-caption-title-font-family:var(--h2_typography-font-family);--awb-caption-title-font-weight:var(--h2_typography-font-weight);--awb-caption-title-font-style:var(--h2_typography-font-style);--awb-caption-title-size:var(--h2_typography-font-size);--awb-caption-title-transform:var(--h2_typography-text-transform);--awb-caption-title-line-height:var(--h2_typography-line-height);--awb-caption-title-letter-spacing:var(--h2_typography-letter-spacing);\"><span class=\" fusion-imageframe imageframe-none imageframe-2 hover-type-none\"><img decoding=\"async\" width=\"2560\" height=\"1197\" title=\"kueche\" src=\"https:\/\/partyservice-esslinger.de\/wp-content\/uploads\/2021\/11\/kueche-scaled.jpg\" alt class=\"img-responsive wp-image-137\" srcset=\"https:\/\/partyservice-esslinger.de\/wp-content\/uploads\/2021\/11\/kueche-200x94.jpg 200w, https:\/\/partyservice-esslinger.de\/wp-content\/uploads\/2021\/11\/kueche-400x187.jpg 400w, https:\/\/partyservice-esslinger.de\/wp-content\/uploads\/2021\/11\/kueche-600x281.jpg 600w, https:\/\/partyservice-esslinger.de\/wp-content\/uploads\/2021\/11\/kueche-800x374.jpg 800w, https:\/\/partyservice-esslinger.de\/wp-content\/uploads\/2021\/11\/kueche-1200x561.jpg 1200w, https:\/\/partyservice-esslinger.de\/wp-content\/uploads\/2021\/11\/kueche-scaled.jpg 2560w\" sizes=\"(max-width: 640px) 100vw, 1200px\" \/><\/span><\/div><\/div><\/div><div class=\"fusion-layout-column fusion_builder_column fusion-builder-column-1 fusion_builder_column_1_2 1_2 fusion-flex-column fusion-flex-align-self-stretch\" style=\"--awb-bg-color:#d0d0d0;--awb-bg-color-hover:#d0d0d0;--awb-bg-size:cover;--awb-width-large:50%;--awb-margin-top-large:0px;--awb-spacing-right-large:3.84%;--awb-margin-bottom-large:20px;--awb-spacing-left-large:3.84%;--awb-width-medium:50%;--awb-order-medium:0;--awb-spacing-right-medium:3.84%;--awb-spacing-left-medium:3.84%;--awb-width-small:100%;--awb-order-small:0;--awb-spacing-right-small:1.92%;--awb-spacing-left-small:1.92%;\"><div class=\"fusion-column-wrapper fusion-column-has-shadow fusion-flex-justify-content-flex-start fusion-content-layout-column\"><div class=\"fusion-image-element \" style=\"--awb-caption-title-font-family:var(--h2_typography-font-family);--awb-caption-title-font-weight:var(--h2_typography-font-weight);--awb-caption-title-font-style:var(--h2_typography-font-style);--awb-caption-title-size:var(--h2_typography-font-size);--awb-caption-title-transform:var(--h2_typography-text-transform);--awb-caption-title-line-height:var(--h2_typography-line-height);--awb-caption-title-letter-spacing:var(--h2_typography-letter-spacing);\"><span class=\" fusion-imageframe imageframe-none imageframe-3 hover-type-none\"><img decoding=\"async\" width=\"1488\" height=\"1171\" title=\"kuehe\" src=\"https:\/\/partyservice-esslinger.de\/wp-content\/uploads\/2021\/11\/kuehe.jpg\" alt class=\"img-responsive wp-image-135\" srcset=\"https:\/\/partyservice-esslinger.de\/wp-content\/uploads\/2021\/11\/kuehe-200x157.jpg 200w, https:\/\/partyservice-esslinger.de\/wp-content\/uploads\/2021\/11\/kuehe-400x315.jpg 400w, https:\/\/partyservice-esslinger.de\/wp-content\/uploads\/2021\/11\/kuehe-600x472.jpg 600w, https:\/\/partyservice-esslinger.de\/wp-content\/uploads\/2021\/11\/kuehe-800x630.jpg 800w, https:\/\/partyservice-esslinger.de\/wp-content\/uploads\/2021\/11\/kuehe-1200x944.jpg 1200w, https:\/\/partyservice-esslinger.de\/wp-content\/uploads\/2021\/11\/kuehe.jpg 1488w\" sizes=\"(max-width: 640px) 100vw, 600px\" \/><\/span><\/div><div class=\"fusion-title title fusion-title-2 fusion-sep-none fusion-title-text fusion-title-size-four\" style=\"--awb-text-color:#ffffff;--awb-margin-top-small:10px;--awb-margin-right-small:0px;--awb-margin-bottom-small:10px;--awb-margin-left-small:0px;\"><h4 class=\"fusion-title-heading title-heading-left fusion-responsive-typography-calculated\" style=\"margin:0;--fontSize:28;line-height:1.36;\"><p style=\"text-align: center;\">REGIONALE PRODUKTE<\/p><\/h4><\/div><div class=\"fusion-text fusion-text-2\" style=\"--awb-text-transform:none;--awb-text-color:#ffffff;\"><p style=\"text-align: center;\">Wir schauen drauf, wo unsere Produkte herkommen. Nicht selten stammen sie sogar von den besten b\u00e4uerlichen Produzenten gleich ums Eck. Ausnahmen gibt\u2019s da nur wenige, aber frischen Lachs bekommt man auf der Schw\u00e4bsichen Alb eben nicht.<\/p>\n<\/div><\/div><\/div><div class=\"fusion-layout-column fusion_builder_column fusion-builder-column-2 fusion_builder_column_1_2 1_2 fusion-flex-column fusion-flex-align-self-stretch\" style=\"--awb-padding-bottom-small:20px;--awb-bg-color:#d0d0d0;--awb-bg-color-hover:#d0d0d0;--awb-bg-size:cover;--awb-width-large:50%;--awb-margin-top-large:0px;--awb-spacing-right-large:3.84%;--awb-margin-bottom-large:20px;--awb-spacing-left-large:3.84%;--awb-width-medium:50%;--awb-order-medium:0;--awb-spacing-right-medium:3.84%;--awb-spacing-left-medium:3.84%;--awb-width-small:100%;--awb-order-small:0;--awb-spacing-right-small:1.92%;--awb-spacing-left-small:1.92%;\"><div class=\"fusion-column-wrapper fusion-column-has-shadow fusion-flex-justify-content-flex-start fusion-content-layout-column\"><div class=\"fusion-image-element \" style=\"--awb-caption-title-font-family:var(--h2_typography-font-family);--awb-caption-title-font-weight:var(--h2_typography-font-weight);--awb-caption-title-font-style:var(--h2_typography-font-style);--awb-caption-title-size:var(--h2_typography-font-size);--awb-caption-title-transform:var(--h2_typography-text-transform);--awb-caption-title-line-height:var(--h2_typography-line-height);--awb-caption-title-letter-spacing:var(--h2_typography-letter-spacing);\"><span class=\" fusion-imageframe imageframe-none imageframe-4 hover-type-none\"><img decoding=\"async\" width=\"1494\" height=\"1171\" title=\"vermietung\" src=\"https:\/\/partyservice-esslinger.de\/wp-content\/uploads\/2021\/11\/vermietung.jpg\" alt class=\"img-responsive wp-image-133\" srcset=\"https:\/\/partyservice-esslinger.de\/wp-content\/uploads\/2021\/11\/vermietung-200x157.jpg 200w, https:\/\/partyservice-esslinger.de\/wp-content\/uploads\/2021\/11\/vermietung-400x314.jpg 400w, https:\/\/partyservice-esslinger.de\/wp-content\/uploads\/2021\/11\/vermietung-600x470.jpg 600w, https:\/\/partyservice-esslinger.de\/wp-content\/uploads\/2021\/11\/vermietung-800x627.jpg 800w, https:\/\/partyservice-esslinger.de\/wp-content\/uploads\/2021\/11\/vermietung-1200x941.jpg 1200w, https:\/\/partyservice-esslinger.de\/wp-content\/uploads\/2021\/11\/vermietung.jpg 1494w\" sizes=\"(max-width: 640px) 100vw, 600px\" \/><\/span><\/div><div class=\"fusion-title title fusion-title-3 fusion-sep-none fusion-title-center fusion-title-text fusion-title-size-four\" style=\"--awb-text-color:#ffffff;--awb-margin-top-small:10px;--awb-margin-right-small:0px;--awb-margin-bottom-small:10px;--awb-margin-left-small:0px;\"><h4 class=\"fusion-title-heading title-heading-center fusion-responsive-typography-calculated\" style=\"margin:0;--fontSize:28;line-height:1.36;\">VERMIETUNG<\/h4><\/div><div class=\"fusion-text fusion-text-3\" style=\"--awb-text-transform:none;--awb-text-color:#ffffff;\"><p style=\"text-align: center;\">Gerne vermieten wir Ihnen auch unser Equipment. Besteck, Gl\u00e4ser, Teller, Warmhalteplatten, Kaffeemaschinen und vieles mehr.<\/p>\n<\/div><div style=\"text-align:center;\"><a class=\"fusion-button button-flat fusion-button-default-size button-default fusion-button-default button-1 fusion-button-default-span fusion-button-default-type white\" target=\"_self\" href=\"https:\/\/partyservice-esslinger.de\/?page_id=14\"><span class=\"fusion-button-text awb-button__text awb-button__text--default\">KONTAKTIEREN SIE UNS<\/span><\/a><\/div><\/div><\/div><\/div><\/div><div class=\"fusion-fullwidth fullwidth-box fusion-builder-row-2 fusion-flex-container fusion-parallax-none nonhundred-percent-fullwidth non-hundred-percent-height-scrolling\" style=\"--awb-border-radius-top-left:0px;--awb-border-radius-top-right:0px;--awb-border-radius-bottom-right:0px;--awb-border-radius-bottom-left:0px;--awb-background-image:url(&quot;https:\/\/partyservice-esslinger.de\/wp-content\/uploads\/2021\/11\/holz.jpg&quot;);--awb-background-size:cover;--awb-flex-wrap:wrap;\" ><div class=\"fusion-builder-row fusion-row fusion-flex-align-items-flex-start fusion-flex-content-wrap\" style=\"max-width:1248px;margin-left: calc(-4% \/ 2 );margin-right: calc(-4% \/ 2 );\"><div class=\"fusion-layout-column fusion_builder_column fusion-builder-column-3 fusion_builder_column_1_2 1_2 fusion-flex-column fusion-flex-align-self-flex-start\" style=\"--awb-padding-top:30px;--awb-padding-bottom:30px;--awb-bg-size:cover;--awb-width-large:50%;--awb-margin-top-large:0px;--awb-spacing-right-large:3.84%;--awb-margin-bottom-large:20px;--awb-spacing-left-large:3.84%;--awb-width-medium:50%;--awb-order-medium:0;--awb-spacing-right-medium:3.84%;--awb-spacing-left-medium:3.84%;--awb-width-small:100%;--awb-order-small:0;--awb-spacing-right-small:1.92%;--awb-spacing-left-small:1.92%;\"><div class=\"fusion-column-wrapper fusion-column-has-shadow fusion-flex-justify-content-flex-start fusion-content-layout-column\"><div class=\"fusion-image-element \" style=\"--awb-caption-title-font-family:var(--h2_typography-font-family);--awb-caption-title-font-weight:var(--h2_typography-font-weight);--awb-caption-title-font-style:var(--h2_typography-font-style);--awb-caption-title-size:var(--h2_typography-font-size);--awb-caption-title-transform:var(--h2_typography-text-transform);--awb-caption-title-line-height:var(--h2_typography-line-height);--awb-caption-title-letter-spacing:var(--h2_typography-letter-spacing);\"><span class=\" fusion-imageframe imageframe-none imageframe-5 hover-type-none\"><a class=\"fusion-no-lightbox\" href=\"https:\/\/partyservice-esslinger.de\/?page_id=16\" target=\"_self\" aria-label=\"bier\"><img decoding=\"async\" width=\"1000\" height=\"1000\" src=\"https:\/\/partyservice-esslinger.de\/wp-content\/uploads\/2022\/02\/bier.png\" alt class=\"img-responsive wp-image-568\" srcset=\"https:\/\/partyservice-esslinger.de\/wp-content\/uploads\/2022\/02\/bier-200x200.png 200w, https:\/\/partyservice-esslinger.de\/wp-content\/uploads\/2022\/02\/bier-400x400.png 400w, https:\/\/partyservice-esslinger.de\/wp-content\/uploads\/2022\/02\/bier-600x600.png 600w, https:\/\/partyservice-esslinger.de\/wp-content\/uploads\/2022\/02\/bier-800x800.png 800w, https:\/\/partyservice-esslinger.de\/wp-content\/uploads\/2022\/02\/bier.png 1000w\" sizes=\"(max-width: 640px) 100vw, 600px\" \/><\/a><\/span><\/div><\/div><\/div><div class=\"fusion-layout-column fusion_builder_column fusion-builder-column-4 fusion_builder_column_1_2 1_2 fusion-flex-column fusion-flex-align-self-flex-start transbox\" style=\"--awb-bg-size:cover;--awb-border-color:#000000;--awb-border-style:solid;--awb-width-large:50%;--awb-margin-top-large:0px;--awb-spacing-right-large:3.84%;--awb-margin-bottom-large:20px;--awb-spacing-left-large:3.84%;--awb-width-medium:50%;--awb-order-medium:0;--awb-spacing-right-medium:3.84%;--awb-spacing-left-medium:3.84%;--awb-width-small:100%;--awb-order-small:0;--awb-spacing-right-small:1.92%;--awb-spacing-left-small:1.92%;\"><div class=\"fusion-column-wrapper fusion-column-has-shadow fusion-flex-justify-content-flex-start fusion-content-layout-column\"><div class=\"fusion-text fusion-text-4\" style=\"--awb-text-transform:none;\"><h4 style=\"text-align: center;\">BIERGARTEN GE\u00d6FFNET<\/h4>\n<p style=\"text-align: center;\">Sommer auf der Alb:<br \/>\nWenn der Himmel abends sein besonderes Blau<br \/>\nzeigt und die Fr\u00fcchte im Glas leuchten, f\u00fchlen<br \/>\nsich die Stunden in unserem Biergarten wie ein<br \/>\nKurzurlaub an.<br \/>\nUnd im Winter verwandelt sich unser Biergarten<br \/>\nin eine Albh\u00fctte \u2013 lassen Sie sich \u00fcberraschen.<br \/>\nUND: Sie k\u00f6nnen unsere Location auch mieten!<\/p>\n<\/div><\/div><\/div><\/div><\/div><\/p>\n","protected":false},"excerpt":{"rendered":"","protected":false},"author":1,"featured_media":0,"parent":6,"menu_order":0,"comment_status":"closed","ping_status":"closed","template":"100-width.php","meta":{"footnotes":""},"class_list":["post-10","page","type-page","status-publish","hentry"],"_links":{"self":[{"href":"https:\/\/partyservice-esslinger.de\/index.php?rest_route=\/wp\/v2\/pages\/10","targetHints":{"allow":["GET"]}}],"collection":[{"href":"https:\/\/partyservice-esslinger.de\/index.php?rest_route=\/wp\/v2\/pages"}],"about":[{"href":"https:\/\/partyservice-esslinger.de\/index.php?rest_route=\/wp\/v2\/types\/page"}],"author":[{"embeddable":true,"href":"https:\/\/partyservice-esslinger.de\/index.php?rest_route=\/wp\/v2\/users\/1"}],"replies":[{"embeddable":true,"href":"https:\/\/partyservice-esslinger.de\/index.php?rest_route=%2Fwp%2Fv2%2Fcomments&post=10"}],"version-history":[{"count":47,"href":"https:\/\/partyservice-esslinger.de\/index.php?rest_route=\/wp\/v2\/pages\/10\/revisions"}],"predecessor-version":[{"id":659,"href":"https:\/\/partyservice-esslinger.de\/index.php?rest_route=\/wp\/v2\/pages\/10\/revisions\/659"}],"up":[{"embeddable":true,"href":"https:\/\/partyservice-esslinger.de\/index.php?rest_route=\/wp\/v2\/pages\/6"}],"wp:attachment":[{"href":"https:\/\/partyservice-esslinger.de\/index.php?rest_route=%2Fwp%2Fv2%2Fmedia&parent=10"}],"curies":[{"name":"wp","href":"https:\/\/api.w.org\/{rel}","templated":true}]}}